{"id":140,"date":"2020-12-04T11:39:14","date_gmt":"2020-12-04T10:39:14","guid":{"rendered":"http:\/\/internetseite-projekt.de\/globalbau-gmbh.de\/?page_id=140"},"modified":"2021-01-14T15:04:45","modified_gmt":"2021-01-14T14:04:45","slug":"uber-uns","status":"publish","type":"page","link":"https:\/\/kristofbau.de\/?page_id=140","title":{"rendered":"\u00dcber uns"},"content":{"rendered":"<p><img loading=\"lazy\" decoding=\"async\" class=\"wp-image-105 size-medium alignleft\" src=\"http:\/\/kristofbau.de\/wp-content\/uploads\/2020\/12\/a4-235x300.jpg\" alt=\"\" width=\"235\" height=\"300\" srcset=\"https:\/\/kristofbau.de\/wp-content\/uploads\/2020\/12\/a4-235x300.jpg 235w, https:\/\/kristofbau.de\/wp-content\/uploads\/2020\/12\/a4.jpg 350w\" sizes=\"auto, (max-width: 235px) 100vw, 235px\" \/><\/p>\n<p>Unser Team setzt sich aus motivierten, engagierten und sehr leistungsorientierten Profis zusammen, die ihre qualitativ hohe Dienstleistungen seit langen Jahren an private und gewerbliche Kunden in Homberg (ohm) und in der Region richten. Unsere Schwerpunkte liegen u. a. in der Sanierung und Renovierung von Geb\u00e4uden. Wir gehen jede einzelne Baustelle professionell und zuverl\u00e4ssig heran und bieten Ausf\u00fchrungen auf h\u00f6chstem Niveau. Dank unserer Erfahrung, die sich \u00fcber lange Jahre hinweg erstreckt sowie dank innovativen und kreativen Ideen wie auch Materialien h\u00f6chster Qualit\u00e4t, garantieren wir 100%ige Leistung. Im Laufe der Jahre unserer T\u00e4tigkeit sicherten wir uns das Vertrauen zahlreicher Unternehmen, Ingenieure, Architekten und Privatkunden, die mittlerweile zu unseren Stammkunden geworden sind. Wir sanieren und renovieren sowohl private Wohnungen und H\u00e4user als auch B\u00fcrofl\u00e4chen und andere Geb\u00e4ude und R\u00e4ume. Au\u00dfer unserer Professionalit\u00e4t der Ausf\u00fchrung bieten wir zuverl\u00e4ssige und hilfreiche Fachberatung \u2013 egal ob Sie als Privatkunde mit uns zusammenarbeiten oder doch einen Auftrag als Firma erteilen m\u00f6chten. Wir warten auf Ihren Anruf, damit wir gemeinsam einen Termin vereinbaren k\u00f6nnten. Sie k\u00f6nnen uns auch gerne eine E-Mail schicken \u2013 hierf\u00fcr benutzen Sie bitte die Kontaktseite auf unserer Homepage.<\/p>\n","protected":false},"excerpt":{"rendered":"<p>Unser Team setzt sich aus motivierten, engagierten und sehr leistungsorientierten Profis zusammen, die ihre qualitativ hohe Dienstleistungen seit langen Jahren an private und gewerbliche Kunden in Homberg (ohm) und in der Region richten. Unsere Schwerpunkte liegen u. a. in der Sanierung und Renovierung von Geb\u00e4uden. Wir gehen jede einzelne Baustelle professionell und zuverl\u00e4ssig heran und [&hellip;]<\/p>\n","protected":false},"author":1,"featured_media":0,"parent":0,"menu_order":0,"comment_status":"closed","ping_status":"closed","template":"","meta":{"footnotes":""},"class_list":["post-140","page","type-page","status-publish","hentry"],"_links":{"self":[{"href":"https:\/\/kristofbau.de\/index.php?rest_route=\/wp\/v2\/pages\/140","targetHints":{"allow":["GET"]}}],"collection":[{"href":"https:\/\/kristofbau.de\/index.php?rest_route=\/wp\/v2\/pages"}],"about":[{"href":"https:\/\/kristofbau.de\/index.php?rest_route=\/wp\/v2\/types\/page"}],"author":[{"embeddable":true,"href":"https:\/\/kristofbau.de\/index.php?rest_route=\/wp\/v2\/users\/1"}],"replies":[{"embeddable":true,"href":"https:\/\/kristofbau.de\/index.php?rest_route=%2Fwp%2Fv2%2Fcomments&post=140"}],"version-history":[{"count":4,"href":"https:\/\/kristofbau.de\/index.php?rest_route=\/wp\/v2\/pages\/140\/revisions"}],"predecessor-version":[{"id":346,"href":"https:\/\/kristofbau.de\/index.php?rest_route=\/wp\/v2\/pages\/140\/revisions\/346"}],"wp:attachment":[{"href":"https:\/\/kristofbau.de\/index.php?rest_route=%2Fwp%2Fv2%2Fmedia&parent=140"}],"curies":[{"name":"wp","href":"https:\/\/api.w.org\/{rel}","templated":true}]}}