{"id":157,"date":"2020-12-04T11:44:27","date_gmt":"2020-12-04T10:44:27","guid":{"rendered":"http:\/\/internetseite-projekt.de\/globalbau-gmbh.de\/?page_id=157"},"modified":"2020-12-04T11:46:13","modified_gmt":"2020-12-04T10:46:13","slug":"leistungen","status":"publish","type":"page","link":"https:\/\/kristofbau.de\/?page_id=157","title":{"rendered":"Leistungen"},"content":{"rendered":"<div class=\"row vw-cleaning-short-projects\" id=\"vw-cleaning-our-projects\">\n            <div class=\"col-lg-4 col-md-6\">\n              <div class=\"vw-cleaning-box vw-cleaning-project-image\">\n                <img decoding=\"async\" src=\"https:\/\/kristofbau.de\/wp-content\/uploads\/2020\/12\/1-3.jpg\" alt=\"Altbausanierung post thumbnail icon\" \/>\n                <div class=\"vw-cleaning-box-content\">\n                  <div class=\"vw-cleaning-content\">\n                    <h5><a href=\"https:\/\/kristofbau.de\/?projects=project-title-6\">Altbausanierung<\/a><\/h5>\n                    <span>\n                      \n                    <\/span>\n                    <div class=\"vw-cleaning-project-text\">\n                      Sanierung von alten Geb\u00e4uden \u00c4ltere H\u00e4user bieten au\u00dfer Charme und Ausstrahlung einen&hellip;\n                    <\/div> \n                  <\/div>\n                <\/div>\n              <\/div>\n            <\/div>\n            <div class=\"col-lg-4 col-md-6\">\n              <div class=\"vw-cleaning-box vw-cleaning-project-image\">\n                <img decoding=\"async\" src=\"https:\/\/kristofbau.de\/wp-content\/uploads\/2020\/12\/2-4.jpg\" alt=\"Renovierung post thumbnail icon\" \/>\n                <div class=\"vw-cleaning-box-content\">\n                  <div class=\"vw-cleaning-content\">\n                    <h5><a href=\"https:\/\/kristofbau.de\/?projects=project-title-5\">Renovierung<\/a><\/h5>\n                    <span>\n                      \n                    <\/span>\n                    <div class=\"vw-cleaning-project-text\">\n                      Traurigkeit ist pass\u00e9 \u2013 Machen Sie es sich gem\u00fctlich. Wir fliesen Ihr&hellip;\n                    <\/div> \n                  <\/div>\n                <\/div>\n              <\/div>\n            <\/div><div class=\"clearfix\"><\/div>\n            <div class=\"col-lg-4 col-md-6\">\n              <div class=\"vw-cleaning-box vw-cleaning-project-image\">\n                <img decoding=\"async\" src=\"https:\/\/kristofbau.de\/wp-content\/uploads\/2020\/12\/3-5.jpg\" alt=\"Fliesendesign post thumbnail icon\" \/>\n                <div class=\"vw-cleaning-box-content\">\n                  <div class=\"vw-cleaning-content\">\n                    <h5><a href=\"https:\/\/kristofbau.de\/?projects=fliesendesign\">Fliesendesign<\/a><\/h5>\n                    <span>\n                      \n                    <\/span>\n                    <div class=\"vw-cleaning-project-text\">\n                      Ihr Spezialist f\u00fcr das Verlegen von gro\u00dfformatigen Fliesen Sie suchen eine individuelle&hellip;\n                    <\/div> \n                  <\/div>\n                <\/div>\n              <\/div>\n            <\/div>\n            <div class=\"col-lg-4 col-md-6\">\n              <div class=\"vw-cleaning-box vw-cleaning-project-image\">\n                <img decoding=\"async\" src=\"https:\/\/kristofbau.de\/wp-content\/uploads\/2020\/12\/4-3.jpg\" alt=\"Badsanierung post thumbnail icon\" \/>\n                <div class=\"vw-cleaning-box-content\">\n                  <div class=\"vw-cleaning-content\">\n                    <h5><a href=\"https:\/\/kristofbau.de\/?projects=badsanierung\">Badsanierung<\/a><\/h5>\n                    <span>\n                      \n                    <\/span>\n                    <div class=\"vw-cleaning-project-text\">\n                      Raus aus der Tristesse, rein ins neue Ambiente. Gestalten Sie Ihre eigene&hellip;\n                    <\/div> \n                  <\/div>\n                <\/div>\n              <\/div>\n            <\/div><div class=\"clearfix\"><\/div>\n            <div class=\"col-lg-4 col-md-6\">\n              <div class=\"vw-cleaning-box vw-cleaning-project-image\">\n                <img decoding=\"async\" src=\"https:\/\/kristofbau.de\/wp-content\/uploads\/2020\/12\/5-3.jpg\" alt=\"Badbarrierfrei post thumbnail icon\" \/>\n                <div class=\"vw-cleaning-box-content\">\n                  <div class=\"vw-cleaning-content\">\n                    <h5><a href=\"https:\/\/kristofbau.de\/?projects=badbarrierfrei\">Badbarrierfrei<\/a><\/h5>\n                    <span>\n                      \n                    <\/span>\n                    <div class=\"vw-cleaning-project-text\">\n                      Sie tr\u00e4umen von einer Wohlf\u00fchloase und haben schon einmal \u00fcber eine Umgestaltung&hellip;\n                    <\/div> \n                  <\/div>\n                <\/div>\n              <\/div>\n            <\/div>\n            <div class=\"col-lg-4 col-md-6\">\n              <div class=\"vw-cleaning-box vw-cleaning-project-image\">\n                <img decoding=\"async\" src=\"https:\/\/kristofbau.de\/wp-content\/uploads\/2020\/12\/6-1.jpg\" alt=\"Trockenbau post thumbnail icon\" \/>\n                <div class=\"vw-cleaning-box-content\">\n                  <div class=\"vw-cleaning-content\">\n                    <h5><a href=\"https:\/\/kristofbau.de\/?projects=project-title-4\">Trockenbau<\/a><\/h5>\n                    <span>\n                      \n                    <\/span>\n                    <div class=\"vw-cleaning-project-text\">\n                      Lassen Sie uns Ihre M\u00f6glichkeiten ausbauen. Neue R\u00e4umlichkeiten zum Anfassen. Lassen Sie&hellip;\n                    <\/div> \n                  <\/div>\n                <\/div>\n              <\/div>\n            <\/div><div class=\"clearfix\"><\/div>\n            <div class=\"col-lg-4 col-md-6\">\n              <div class=\"vw-cleaning-box vw-cleaning-project-image\">\n                <img decoding=\"async\" src=\"https:\/\/kristofbau.de\/wp-content\/uploads\/2020\/12\/7-1.jpg\" alt=\"Wandverkleidung und Farben post thumbnail icon\" \/>\n                <div class=\"vw-cleaning-box-content\">\n                  <div class=\"vw-cleaning-content\">\n                    <h5><a href=\"https:\/\/kristofbau.de\/?projects=wandverkleidung-und-farben\">Wandverkleidung und Farben<\/a><\/h5>\n                    <span>\n                      \n                    <\/span>\n                    <div class=\"vw-cleaning-project-text\">\n                      Individuelle Einstellung. Ihr Wohnambiente wird nach Ihren W\u00fcnschen von unseren Expertenteams dank&hellip;\n                    <\/div> \n                  <\/div>\n                <\/div>\n              <\/div>\n            <\/div>\n            <div class=\"col-lg-4 col-md-6\">\n              <div class=\"vw-cleaning-box vw-cleaning-project-image\">\n                <img decoding=\"async\" src=\"https:\/\/kristofbau.de\/wp-content\/uploads\/2020\/12\/8-1.jpg\" alt=\"Fu\u00dfbodenbel\u00e4ge post thumbnail icon\" \/>\n                <div class=\"vw-cleaning-box-content\">\n                  <div class=\"vw-cleaning-content\">\n                    <h5><a href=\"https:\/\/kristofbau.de\/?projects=fusbodenbelage\">Fu\u00dfbodenbel\u00e4ge<\/a><\/h5>\n                    <span>\n                      \n                    <\/span>\n                    <div class=\"vw-cleaning-project-text\">\n                      Erstklassige Bodenbel\u00e4ge. Der Fu\u00dfboden hat einen enormen Einfluss auf sorgenfreies Wohlf\u00fchlen und&hellip;\n                    <\/div> \n                  <\/div>\n                <\/div>\n              <\/div>\n            <\/div><div class=\"clearfix\"><\/div>\n            <div class=\"col-lg-4 col-md-6\">\n              <div class=\"vw-cleaning-box vw-cleaning-project-image\">\n                <img decoding=\"async\" src=\"https:\/\/kristofbau.de\/wp-content\/uploads\/2020\/12\/zimmermann_fenster_tueren_tuerendesign_banner_2.jpg\" alt=\"Fenster &#038; T\u00fcren post thumbnail icon\" \/>\n                <div class=\"vw-cleaning-box-content\">\n                  <div class=\"vw-cleaning-content\">\n                    <h5><a href=\"https:\/\/kristofbau.de\/?projects=und-vieles-mehr\">Fenster &#038; T\u00fcren<\/a><\/h5>\n                    <span>\n                      \n                    <\/span>\n                    <div class=\"vw-cleaning-project-text\">\n                      Wir verf\u00fcgen \u00fcber langj\u00e4hrige Erfahrung im Verkauf und Installation von solchen Produkten&hellip;\n                    <\/div> \n                  <\/div>\n                <\/div>\n              <\/div>\n            <\/div>\n","protected":false},"excerpt":{"rendered":"","protected":false},"author":1,"featured_media":0,"parent":0,"menu_order":0,"comment_status":"closed","ping_status":"closed","template":"","meta":{"footnotes":""},"class_list":["post-157","page","type-page","status-publish","hentry"],"_links":{"self":[{"href":"https:\/\/kristofbau.de\/index.php?rest_route=\/wp\/v2\/pages\/157","targetHints":{"allow":["GET"]}}],"collection":[{"href":"https:\/\/kristofbau.de\/index.php?rest_route=\/wp\/v2\/pages"}],"about":[{"href":"https:\/\/kristofbau.de\/index.php?rest_route=\/wp\/v2\/types\/page"}],"author":[{"embeddable":true,"href":"https:\/\/kristofbau.de\/index.php?rest_route=\/wp\/v2\/users\/1"}],"replies":[{"embeddable":true,"href":"https:\/\/kristofbau.de\/index.php?rest_route=%2Fwp%2Fv2%2Fcomments&post=157"}],"version-history":[{"count":3,"href":"https:\/\/kristofbau.de\/index.php?rest_route=\/wp\/v2\/pages\/157\/revisions"}],"predecessor-version":[{"id":161,"href":"https:\/\/kristofbau.de\/index.php?rest_route=\/wp\/v2\/pages\/157\/revisions\/161"}],"wp:attachment":[{"href":"https:\/\/kristofbau.de\/index.php?rest_route=%2Fwp%2Fv2%2Fmedia&parent=157"}],"curies":[{"name":"wp","href":"https:\/\/api.w.org\/{rel}","templated":true}]}}