{"id":391,"date":"2021-12-08T10:27:34","date_gmt":"2021-12-08T09:27:34","guid":{"rendered":"https:\/\/kristofbau.de\/?page_id=391"},"modified":"2021-12-08T10:55:55","modified_gmt":"2021-12-08T09:55:55","slug":"fenster-turen","status":"publish","type":"page","link":"https:\/\/kristofbau.de\/?page_id=391","title":{"rendered":"Fenster &#038; T\u00fcren"},"content":{"rendered":"\n<p>Wir verf\u00fcgen \u00fcber langj\u00e4hrige Erfahrung im Verkauf und Installation von solchen Produkten wie T\u00fcren, Fenster, Fensterrollladen, Garagentore und Fensterb\u00e4nke. Wir orientieren uns perfekt an den Bed\u00fcrfnissen unserer Kunden und an den neuesten Trends in unserer Branche.<\/p>\n\n\n\n<p>VERKAUF \u2013 In unserem Angebot haben wir die besten Produkte deutschen Hersteller und Zulieferer. Immer in der besten Qualit\u00e4t und wettbewerbsf\u00e4higen Preisen. Laden Sie uns bitte zur kostenlosen Messungen von Fenstern ein und wir pr\u00e4sentieren Ihnen die besten Vorschl\u00e4ge sowohl preislich als auch qualitativ!<\/p>\n\n\n\n<p>INSTALLATION \u2013 Einer der wichtigsten Faktoren, die die ordnungsgem\u00e4\u00dfe Verwendung und Betrieb des Produkts auswirken, ist eine ordnungsgem\u00e4\u00dfe Installation. Das am besten gemachte Fenster wird seine Funktionen bei fehlerhafter Anwendung nicht erf\u00fcllen. Unser Montierkader bietet Ihnen durch Schulungen und kontinuierliche Qualit\u00e4tskontrolle der Arbeit eine Montage und Putzbearbeitung auf h\u00f6chstem Niveau.<\/p>\n\n\n\n<p>TRANSPORT \u2013 Wir bieten den Transport den von Ihnen bestellten Produkten.<\/p>\n\n\n\n<h5 class=\"wp-block-heading\">PERS\u00d6NLICHE BERATUNG VOM EXPERTEN<\/h5>\n\n\n\n<p>Jedes Fensterprojekt ist einzigartig und so werden Sie auch bei uns behandelt. Ihr pers\u00f6nlicher Kundenberater ber\u00e4t Sie umfassend zu Ihrem anstehenden Projekt und steht Ihnen immer f\u00fcr R\u00fcckfragen zur Seite.<\/p>\n\n\n\n<h5 class=\"wp-block-heading\">H\u00d6CHTE QUALIT\u00c4T IM HANDWERK<\/h5>\n\n\n\n<p>Wir haben die besten Handwerker. Diese sind von uns sorgf\u00e4ltig ausgew\u00e4hlt, denn wir versprechen h\u00f6chste Qualit\u00e4t im Handwerk und eine hochwertige Montage nach den RAL Montagerichtlinien.<\/p>\n\n\n\n<h5 class=\"wp-block-heading\">PREISSICHERHEIT DURCH FESTPREIS-GARANTIE<\/h5>\n\n\n\n<p>Sie erhalten von uns ein Festpreis-Angebot. Das bedeutet volle Kostenkontrolle und Transparenz. Sp\u00e4tere \u00dcberraschungen beim Preis gibt es bei uns nicht!<\/p>\n","protected":false},"excerpt":{"rendered":"<p>Wir verf\u00fcgen \u00fcber langj\u00e4hrige Erfahrung im Verkauf und Installation von solchen Produkten wie T\u00fcren, Fenster, Fensterrollladen, Garagentore und Fensterb\u00e4nke. Wir orientieren uns perfekt an den Bed\u00fcrfnissen unserer Kunden und an den neuesten Trends in unserer Branche. VERKAUF \u2013 In unserem Angebot haben wir die besten Produkte deutschen Hersteller und Zulieferer. Immer in der besten Qualit\u00e4t [&hellip;]<\/p>\n","protected":false},"author":1,"featured_media":0,"parent":0,"menu_order":0,"comment_status":"closed","ping_status":"closed","template":"","meta":{"footnotes":""},"class_list":["post-391","page","type-page","status-publish","hentry"],"_links":{"self":[{"href":"https:\/\/kristofbau.de\/index.php?rest_route=\/wp\/v2\/pages\/391","targetHints":{"allow":["GET"]}}],"collection":[{"href":"https:\/\/kristofbau.de\/index.php?rest_route=\/wp\/v2\/pages"}],"about":[{"href":"https:\/\/kristofbau.de\/index.php?rest_route=\/wp\/v2\/types\/page"}],"author":[{"embeddable":true,"href":"https:\/\/kristofbau.de\/index.php?rest_route=\/wp\/v2\/users\/1"}],"replies":[{"embeddable":true,"href":"https:\/\/kristofbau.de\/index.php?rest_route=%2Fwp%2Fv2%2Fcomments&post=391"}],"version-history":[{"count":3,"href":"https:\/\/kristofbau.de\/index.php?rest_route=\/wp\/v2\/pages\/391\/revisions"}],"predecessor-version":[{"id":396,"href":"https:\/\/kristofbau.de\/index.php?rest_route=\/wp\/v2\/pages\/391\/revisions\/396"}],"wp:attachment":[{"href":"https:\/\/kristofbau.de\/index.php?rest_route=%2Fwp%2Fv2%2Fmedia&parent=391"}],"curies":[{"name":"wp","href":"https:\/\/api.w.org\/{rel}","templated":true}]}}